{"id":17,"date":"2016-03-29T13:43:54","date_gmt":"2016-03-29T11:43:54","guid":{"rendered":"http:\/\/nailsofbliss.com\/?page_id=17"},"modified":"2016-07-06T23:20:49","modified_gmt":"2016-07-06T21:20:49","slug":"hoe-nails-bliss-mat-gebruiken","status":"publish","type":"page","link":"https:\/\/nailsofbliss.com\/de\/hoe-nails-bliss-mat-gebruiken\/","title":{"rendered":"Gebrauchsanweisung"},"content":{"rendered":"<p><\/p>\n<ol>\n<li><strong>Die Matte kann f\u00fcr den ganzen K\u00f6rper angewendet werden.<\/strong> Vom R\u00fcckgrat aus verlaufen Nervenbahnen zu allen K\u00f6rperteilen, sodass sich die Nutzung in R\u00fcckenlage positiv auf den gesamten K\u00f6rper auswirkt.<\/li>\n<li><strong>Legen Sie die Nails of Bliss Matte in Ihr Bett oder auf eine andere weiche Unterlage.<\/strong> Legen Sie ein Kissen oder ein zusammengerolltes Handtuch unter die Matte, um den Nacken zu st\u00fctzen.<\/li>\n<li><strong>Legen Sie sich bequem auf die Matte,<\/strong> entspannen Sie sich und atmen Sie tief ein und aus.<\/li>\n<\/ol>\n<p>Es ist v\u00f6llig normal, bei der ersten Anwendung der Akupressurmatte einen leichten Schmerz zu versp\u00fcren. Legen Sie ein T-Shirt oder anderen d\u00fcnnen Stoff zwischen Matte und K\u00f6rper, bis Sie sich an die N\u00e4gel gew\u00f6hnt haben. Anfangs ist es ausreichend, nur ein paar Minuten auf der Matte zu liegen, und nach und nach sollten Sie die Anwendungsdauer auf 20-40 Minuten steigern.<br \/>\nEs ist v\u00f6llig ungef\u00e4hrlich, l\u00e4nger auf der Matte zu liegen. Einige Menschen schlafen sogar auf der blanken Matte. Wir empfehlen die t\u00e4gliche Benutzung der Matte, um einen optimalen Effekt zu erzielen &#8211; so k\u00f6nnen Sie Stress und Verspannungen abbauen und sich v\u00f6llig entspannt f\u00fchlen.<\/p>","protected":false},"excerpt":{"rendered":"<p>Die Matte kann f\u00fcr den ganzen K\u00f6rper angewendet werden. Vom R\u00fcckgrat aus verlaufen Nervenbahnen zu allen K\u00f6rperteilen, sodass sich die Nutzung in R\u00fcckenlage positiv auf den gesamten K\u00f6rper auswirkt. Legen Sie die Nails of Bliss Matte in Ihr Bett oder auf eine andere weiche Unterlage. Legen Sie ein Kissen oder ein zusammengerolltes Handtuch unter die&#8230;<\/p>\n","protected":false},"author":1,"featured_media":0,"parent":0,"menu_order":0,"comment_status":"closed","ping_status":"closed","template":"","meta":{"_monsterinsights_skip_tracking":false,"_monsterinsights_sitenote_active":false,"_monsterinsights_sitenote_note":"","_monsterinsights_sitenote_category":0,"footnotes":""},"yoast_head":"<!-- This site is optimized with the Yoast SEO plugin v24.3 - https:\/\/yoast.com\/wordpress\/plugins\/seo\/ -->\n<title>Gebrauchsanweisung - Nails of Bliss<\/title>\n<meta name=\"robots\" content=\"index, follow, max-snippet:-1, max-image-preview:large, max-video-preview:-1\" \/>\n<link rel=\"canonical\" href=\"https:\/\/nailsofbliss.com\/hoe-nails-bliss-mat-gebruiken\/\" \/>\n<meta property=\"og:locale\" content=\"de_DE\" \/>\n<meta property=\"og:type\" content=\"article\" \/>\n<meta property=\"og:title\" content=\"Gebrauchsanweisung - Nails of Bliss\" \/>\n<meta property=\"og:description\" content=\"Die Matte kann f\u00fcr den ganzen K\u00f6rper angewendet werden. Vom R\u00fcckgrat aus verlaufen Nervenbahnen zu allen K\u00f6rperteilen, sodass sich die Nutzung in R\u00fcckenlage positiv auf den gesamten K\u00f6rper auswirkt. Legen Sie die Nails of Bliss Matte in Ihr Bett oder auf eine andere weiche Unterlage. Legen Sie ein Kissen oder ein zusammengerolltes Handtuch unter die...\" \/>\n<meta property=\"og:url\" content=\"https:\/\/nailsofbliss.com\/hoe-nails-bliss-mat-gebruiken\/\" \/>\n<meta property=\"og:site_name\" content=\"Nails of Bliss\" \/>\n<meta property=\"article:modified_time\" content=\"2016-07-06T21:20:49+00:00\" \/>\n<meta property=\"og:image\" content=\"http:\/\/nailsofbliss.com\/wp-content\/uploads\/2016\/05\/Nails-of-Bliss-7-300x199.jpg\" \/>\n<meta name=\"twitter:card\" content=\"summary_large_image\" \/>\n<meta name=\"twitter:label1\" content=\"Gesch\u00e4tzte Lesezeit\" \/>\n\t<meta name=\"twitter:data1\" content=\"3\u00a0Minuten\" \/>\n<script type=\"application\/ld+json\" class=\"yoast-schema-graph\">{\"@context\":\"https:\/\/schema.org\",\"@graph\":[{\"@type\":\"WebPage\",\"@id\":\"https:\/\/nailsofbliss.com\/hoe-nails-bliss-mat-gebruiken\/\",\"url\":\"https:\/\/nailsofbliss.com\/hoe-nails-bliss-mat-gebruiken\/\",\"name\":\"Gebrauchsanweisung - Nails of Bliss\",\"isPartOf\":{\"@id\":\"https:\/\/nailsofbliss.com\/#website\"},\"primaryImageOfPage\":{\"@id\":\"https:\/\/nailsofbliss.com\/hoe-nails-bliss-mat-gebruiken\/#primaryimage\"},\"image\":{\"@id\":\"https:\/\/nailsofbliss.com\/hoe-nails-bliss-mat-gebruiken\/#primaryimage\"},\"thumbnailUrl\":\"http:\/\/nailsofbliss.com\/wp-content\/uploads\/2016\/05\/Nails-of-Bliss-7-300x199.jpg\",\"datePublished\":\"2016-03-29T11:43:54+00:00\",\"dateModified\":\"2016-07-06T21:20:49+00:00\",\"breadcrumb\":{\"@id\":\"https:\/\/nailsofbliss.com\/hoe-nails-bliss-mat-gebruiken\/#breadcrumb\"},\"inLanguage\":\"de\",\"potentialAction\":[{\"@type\":\"ReadAction\",\"target\":[\"https:\/\/nailsofbliss.com\/hoe-nails-bliss-mat-gebruiken\/\"]}]},{\"@type\":\"ImageObject\",\"inLanguage\":\"de\",\"@id\":\"https:\/\/nailsofbliss.com\/hoe-nails-bliss-mat-gebruiken\/#primaryimage\",\"url\":\"http:\/\/nailsofbliss.com\/wp-content\/uploads\/2016\/05\/Nails-of-Bliss-7-300x199.jpg\",\"contentUrl\":\"http:\/\/nailsofbliss.com\/wp-content\/uploads\/2016\/05\/Nails-of-Bliss-7-300x199.jpg\"},{\"@type\":\"BreadcrumbList\",\"@id\":\"https:\/\/nailsofbliss.com\/hoe-nails-bliss-mat-gebruiken\/#breadcrumb\",\"itemListElement\":[{\"@type\":\"ListItem\",\"position\":1,\"name\":\"Home\",\"item\":\"https:\/\/nailsofbliss.com\/\"},{\"@type\":\"ListItem\",\"position\":2,\"name\":\"Hoe te gebruiken\"}]},{\"@type\":\"WebSite\",\"@id\":\"https:\/\/nailsofbliss.com\/#website\",\"url\":\"https:\/\/nailsofbliss.com\/\",\"name\":\"Nails of Bliss\",\"description\":\"Akupressurmatte\",\"potentialAction\":[{\"@type\":\"SearchAction\",\"target\":{\"@type\":\"EntryPoint\",\"urlTemplate\":\"https:\/\/nailsofbliss.com\/?s={search_term_string}\"},\"query-input\":{\"@type\":\"PropertyValueSpecification\",\"valueRequired\":true,\"valueName\":\"search_term_string\"}}],\"inLanguage\":\"de\"}]}<\/script>\n<!-- \/ Yoast SEO plugin. -->","yoast_head_json":{"title":"Gebrauchsanweisung - Nails of Bliss","robots":{"index":"index","follow":"follow","max-snippet":"max-snippet:-1","max-image-preview":"max-image-preview:large","max-video-preview":"max-video-preview:-1"},"canonical":"https:\/\/nailsofbliss.com\/hoe-nails-bliss-mat-gebruiken\/","og_locale":"de_DE","og_type":"article","og_title":"Gebrauchsanweisung - Nails of Bliss","og_description":"Die Matte kann f\u00fcr den ganzen K\u00f6rper angewendet werden. Vom R\u00fcckgrat aus verlaufen Nervenbahnen zu allen K\u00f6rperteilen, sodass sich die Nutzung in R\u00fcckenlage positiv auf den gesamten K\u00f6rper auswirkt. Legen Sie die Nails of Bliss Matte in Ihr Bett oder auf eine andere weiche Unterlage. Legen Sie ein Kissen oder ein zusammengerolltes Handtuch unter die...","og_url":"https:\/\/nailsofbliss.com\/hoe-nails-bliss-mat-gebruiken\/","og_site_name":"Nails of Bliss","article_modified_time":"2016-07-06T21:20:49+00:00","og_image":[{"url":"http:\/\/nailsofbliss.com\/wp-content\/uploads\/2016\/05\/Nails-of-Bliss-7-300x199.jpg","type":"","width":"","height":""}],"twitter_card":"summary_large_image","twitter_misc":{"Gesch\u00e4tzte Lesezeit":"3\u00a0Minuten"},"schema":{"@context":"https:\/\/schema.org","@graph":[{"@type":"WebPage","@id":"https:\/\/nailsofbliss.com\/hoe-nails-bliss-mat-gebruiken\/","url":"https:\/\/nailsofbliss.com\/hoe-nails-bliss-mat-gebruiken\/","name":"Gebrauchsanweisung - Nails of Bliss","isPartOf":{"@id":"https:\/\/nailsofbliss.com\/#website"},"primaryImageOfPage":{"@id":"https:\/\/nailsofbliss.com\/hoe-nails-bliss-mat-gebruiken\/#primaryimage"},"image":{"@id":"https:\/\/nailsofbliss.com\/hoe-nails-bliss-mat-gebruiken\/#primaryimage"},"thumbnailUrl":"http:\/\/nailsofbliss.com\/wp-content\/uploads\/2016\/05\/Nails-of-Bliss-7-300x199.jpg","datePublished":"2016-03-29T11:43:54+00:00","dateModified":"2016-07-06T21:20:49+00:00","breadcrumb":{"@id":"https:\/\/nailsofbliss.com\/hoe-nails-bliss-mat-gebruiken\/#breadcrumb"},"inLanguage":"de","potentialAction":[{"@type":"ReadAction","target":["https:\/\/nailsofbliss.com\/hoe-nails-bliss-mat-gebruiken\/"]}]},{"@type":"ImageObject","inLanguage":"de","@id":"https:\/\/nailsofbliss.com\/hoe-nails-bliss-mat-gebruiken\/#primaryimage","url":"http:\/\/nailsofbliss.com\/wp-content\/uploads\/2016\/05\/Nails-of-Bliss-7-300x199.jpg","contentUrl":"http:\/\/nailsofbliss.com\/wp-content\/uploads\/2016\/05\/Nails-of-Bliss-7-300x199.jpg"},{"@type":"BreadcrumbList","@id":"https:\/\/nailsofbliss.com\/hoe-nails-bliss-mat-gebruiken\/#breadcrumb","itemListElement":[{"@type":"ListItem","position":1,"name":"Home","item":"https:\/\/nailsofbliss.com\/"},{"@type":"ListItem","position":2,"name":"Hoe te gebruiken"}]},{"@type":"WebSite","@id":"https:\/\/nailsofbliss.com\/#website","url":"https:\/\/nailsofbliss.com\/","name":"Nails of Bliss","description":"Akupressurmatte","potentialAction":[{"@type":"SearchAction","target":{"@type":"EntryPoint","urlTemplate":"https:\/\/nailsofbliss.com\/?s={search_term_string}"},"query-input":{"@type":"PropertyValueSpecification","valueRequired":true,"valueName":"search_term_string"}}],"inLanguage":"de"}]}},"_links":{"self":[{"href":"https:\/\/nailsofbliss.com\/de\/wp-json\/wp\/v2\/pages\/17"}],"collection":[{"href":"https:\/\/nailsofbliss.com\/de\/wp-json\/wp\/v2\/pages"}],"about":[{"href":"https:\/\/nailsofbliss.com\/de\/wp-json\/wp\/v2\/types\/page"}],"author":[{"embeddable":true,"href":"https:\/\/nailsofbliss.com\/de\/wp-json\/wp\/v2\/users\/1"}],"replies":[{"embeddable":true,"href":"https:\/\/nailsofbliss.com\/de\/wp-json\/wp\/v2\/comments?post=17"}],"version-history":[{"count":12,"href":"https:\/\/nailsofbliss.com\/de\/wp-json\/wp\/v2\/pages\/17\/revisions"}],"predecessor-version":[{"id":186,"href":"https:\/\/nailsofbliss.com\/de\/wp-json\/wp\/v2\/pages\/17\/revisions\/186"}],"wp:attachment":[{"href":"https:\/\/nailsofbliss.com\/de\/wp-json\/wp\/v2\/media?parent=17"}],"curies":[{"name":"wp","href":"https:\/\/api.w.org\/{rel}","templated":true}]}}