{"id":21,"date":"2016-03-29T13:50:54","date_gmt":"2016-03-29T11:50:54","guid":{"rendered":"http:\/\/nailsofbliss.com\/?page_id=21"},"modified":"2016-07-08T09:51:37","modified_gmt":"2016-07-08T07:51:37","slug":"veelgestelde-vragen","status":"publish","type":"page","link":"https:\/\/nailsofbliss.com\/de\/veelgestelde-vragen\/","title":{"rendered":"Fragen und Antworten"},"content":{"rendered":"<p>\t\t\t\t\t\t<h3 style=\"margin-bottom:20px;display:block;width:100%;margin-top:10px\">Fragen und Antworten <\/h3>\r\n\t\t\t\t\t\t<style>\r\n\t\t\t\t\t#wpsm_accordion_204 .wpsm_panel-heading{\r\npadding:0px !important;\r\n}\r\n#wpsm_accordion_204 .wpsm_panel-title {\r\nmargin:0px !important; \r\ntext-transform:none !important;\r\nline-height: 1 !important;\r\n}\r\n#wpsm_accordion_204 .wpsm_panel-title a{\r\ntext-decoration:none;\r\ncolor:#000000 !important;\r\nfont-size:18px !important;\r\ndisplay:block;\r\npadding:0px;\r\nfont-family: Open Sans !important;\r\npadding-top: 10px;\r\npadding-bottom: 10px;\r\nborder-bottom:1px solid  #ddd !important;\r\n\r\n}\r\n#wpsm_accordion_204 .wpsm_panel-title a:hover,#wpsm_accordion_204 .wpsm_panel-title a:visited, #wpsm_accordion_204 .wpsm_panel-title a:focus {\r\n\tcolor:#000000 !important;\r\n}\r\n#wpsm_accordion_204 .acc-a{\r\n\tcolor: #000000 !important;\r\n\tbackground-color:#ffffff !important;\r\n\tborder-color: #ddd;\r\n}\r\n#wpsm_accordion_204 .wpsm_panel-default > .wpsm_panel-heading{\r\n\tcolor: #000000 !important;\r\n\tbackground-color: #ffffff !important;\r\n\tborder-color: #ffffff !important;\r\n\tborder-top-left-radius: 0px;\r\n\tborder-top-right-radius: 0px;\r\n}\r\n#wpsm_accordion_204 .wpsm_panel-default {\r\n\t\r\n\tborder:1px solid transparent !important;\r\n\r\n\t}\r\n#wpsm_accordion_204 {\r\n\tmargin-bottom: 20px;\r\n\toverflow: hidden;\r\n\tfloat: left;\r\n\twidth: 100%;\r\n\tdisplay: block;\r\n}\r\n#wpsm_accordion_204 .ac_title_class{\r\n\tdisplay: inline-block;\r\n    padding-top: 5px;\r\n    padding-bottom: 5px;\r\n    padding-left: 13px;\r\n    padding-right: 10px;\r\n    border: 0px solid #ddd;\r\n\tfont-size:18px !important;\r\nfont-family: Open Sans !important;\r\n\t\r\n\r\n}\r\n#wpsm_accordion_204  .wpsm_panel {\r\n\toverflow:hidden;\r\n\t-webkit-box-shadow: 0 0px 0px rgba(0, 0, 0, .05);\r\n\tbox-shadow: 0 0px 0px rgba(0, 0, 0, .05);\r\n\t\r\n\t\tborder-radius: 4px;\r\n\t}\r\n#wpsm_accordion_204  .wpsm_panel + .wpsm_panel {\r\n\t\tmargin-top: 5px;\r\n\t}\r\n#wpsm_accordion_204  .wpsm_panel-body{\r\nbackground-color:#ffffff !important;\r\ncolor:#000000 !important;\r\nborder-top-color: #ffffff !important;\r\nfont-size:16px !important;\r\nfont-family: Open Sans !important;\r\noverflow: hidden;\r\n\r\nborder: 0px solid #ddd !important;\r\n\r\nborder-top:0px !important;\r\npadding-left: 60px;\r\n}\r\n\r\n#wpsm_accordion_204 .ac_open_cl_icon{\r\n\tbackground-color:#dd3333;\r\n\tcolor: #ffffff;\r\n\t\r\n     padding-top: 5px; \r\n     padding-bottom: 5px; \r\n\t margin-left:10px;\r\n    line-height: 1.0;\r\n    font-size:18px !important;\r\ntext-align: center !important;\r\n     width: 32px !important;\r\n    display: inline-block;\r\n\t\r\n\t\r\n}\r\n#wpsm_accordion_204 .ac_open_cl_number{\r\n width: 25px !important;\r\n    display: inline-block;\r\n\t margin-left:10px;\r\n\t text-align: center !important;\r\n\t font-size:18px !important;\r\n\r\n}\r\n\r\n\t\t\t\r\n\t\t\t\t\r\n\t\t\t\t\t\r\n\t\t\t<\/style>\r\n\t\t\t<div class=\"wpsm_panel-group\" id=\"wpsm_accordion_204\" >\r\n\t\t\t\t\r\n\t\t\t\t\t\t\r\n\t\t\t\t  <!-- Inner panel Start -->\r\n\t\t\t\t  <div class=\"wpsm_panel wpsm_panel-default\">\r\n\t\t\t\t\t<div class=\"wpsm_panel-heading\" role=\"tab\" >\r\n\t\t\t\t\t  <h4 class=\"wpsm_panel-title\">\r\n\t\t\t\t\t\t<a  class=\"\"  data-toggle=\"collapse\" data-parent=\"#wpsm_accordion_204 \" href=\"#ac_204_collapse1\"  >\r\n\t\t\t\t\t\t\t\t\t\t\t\t\t\t\t<span  class=\"ac_open_cl_icon fa fa-minus\"><\/span>\r\n\t\t\t\t\t\t\t\t\t\t\t\t\t\t\t\t\t\t\t\t\t<span class=\"ac_title_class\">\r\n\t\t\t\t\t\t\t\tK\u00f6nnen die N\u00e4gel sch\u00e4dlich f\u00fcr die Haut sein?\t\t\t\t\t\t\t<\/span>\r\n\t\t\t\t\t\t<\/a>\r\n\t\t\t\t\t  <\/h4>\r\n\t\t\t\t\t<\/div>\r\n\t\t\t\t\t<div id=\"ac_204_collapse1\" class=\"wpsm_panel-collapse collapse_204 collapse in\"  >\r\n\t\t\t\t\t  <div class=\"wpsm_panel-body\">\r\n\t\t\t\t\t\tNein - die Matte ist total ungef\u00e4hrlich. Die N\u00e4gel k\u00f6nnen rote Flecken auf der Haut verursachen, die aber schnell wieder verschwinden. In einigen F\u00e4llen k\u00f6nnen die Flecken bis zu einigen Stunden sichtbar sein; dies h\u00e4ngt von der Empfindlichkeit der Haut ab. Bei manchen Menschen kann die Haut err\u00e4ten, doch dies beruht auf einer erh\u00f6hten Blutzirkulation, ist also ein positiver Effekt. Empfinden Sie die Abdr\u00fccke als zu stark legen Sie ein T-Shirt oder ein Laken auf die Matte, bis sich Ihr K\u00f6rper an die N\u00e4gel gew\u00f6hnt hat.\t\t\t\t\t  <\/div>\r\n\t\t\t\t\t<\/div>\r\n\t\t\t\t  <\/div>\r\n\t\t\t\t   <!-- Inner panel End -->\r\n\t\t\t\t\r\n\t\t\t\t\t\t\r\n\t\t\t\t  <!-- Inner panel Start -->\r\n\t\t\t\t  <div class=\"wpsm_panel wpsm_panel-default\">\r\n\t\t\t\t\t<div class=\"wpsm_panel-heading\" role=\"tab\" >\r\n\t\t\t\t\t  <h4 class=\"wpsm_panel-title\">\r\n\t\t\t\t\t\t<a  class=\"collapsed\"  data-toggle=\"collapse\" data-parent=\"#wpsm_accordion_204 \" href=\"#ac_204_collapse2\"  >\r\n\t\t\t\t\t\t\t\t\t\t\t\t\t\t\t<span  class=\"ac_open_cl_icon fa fa-plus\"><\/span>\r\n\t\t\t\t\t\t\t\t\t\t\t\t\t\t\t\t\t\t\t\t\t<span class=\"ac_title_class\">\r\n\t\t\t\t\t\t\t\tKann ich die Matte auch benutzen, wenn ich \u00fcbergewichtig bin?\t\t\t\t\t\t\t<\/span>\r\n\t\t\t\t\t\t<\/a>\r\n\t\t\t\t\t  <\/h4>\r\n\t\t\t\t\t<\/div>\r\n\t\t\t\t\t<div id=\"ac_204_collapse2\" class=\"wpsm_panel-collapse collapse_204 collapse \"  >\r\n\t\t\t\t\t  <div class=\"wpsm_panel-body\">\r\n\t\t\t\t\t\tAuf jeden Fall. Anfangs werden sie einen leichten Schmerz versp\u00fcren - genau wie alle anderen auch. Durch den Schmerz kommuniziert der K\u00f6rper mit dem Gehirn und l\u00f6sst Endorphine (Gl\u00fcckshormone) frei. Legen Sie ein T-Shirt oder anderen d\u00fcnnen Stoff zwischen sich und die Matte, bis Sie sich an die N\u00e4gel gew\u00f6hnt haben.\t\t\t\t\t  <\/div>\r\n\t\t\t\t\t<\/div>\r\n\t\t\t\t  <\/div>\r\n\t\t\t\t   <!-- Inner panel End -->\r\n\t\t\t\t\r\n\t\t\t\t\t\t\r\n\t\t\t\t  <!-- Inner panel Start -->\r\n\t\t\t\t  <div class=\"wpsm_panel wpsm_panel-default\">\r\n\t\t\t\t\t<div class=\"wpsm_panel-heading\" role=\"tab\" >\r\n\t\t\t\t\t  <h4 class=\"wpsm_panel-title\">\r\n\t\t\t\t\t\t<a  class=\"collapsed\"  data-toggle=\"collapse\" data-parent=\"#wpsm_accordion_204 \" href=\"#ac_204_collapse3\"  >\r\n\t\t\t\t\t\t\t\t\t\t\t\t\t\t\t<span  class=\"ac_open_cl_icon fa fa-plus\"><\/span>\r\n\t\t\t\t\t\t\t\t\t\t\t\t\t\t\t\t\t\t\t\t\t<span class=\"ac_title_class\">\r\n\t\t\t\t\t\t\t\tKann ich die Matte auch f\u00fcr andere Bereiche als den R\u00fccken anwenden?\t\t\t\t\t\t\t<\/span>\r\n\t\t\t\t\t\t<\/a>\r\n\t\t\t\t\t  <\/h4>\r\n\t\t\t\t\t<\/div>\r\n\t\t\t\t\t<div id=\"ac_204_collapse3\" class=\"wpsm_panel-collapse collapse_204 collapse \"  >\r\n\t\t\t\t\t  <div class=\"wpsm_panel-body\">\r\n\t\t\t\t\t\tNat\u00fcrlich. Der R\u00fccken ist sicherlich\/nat\u00fcrlich die gr\u00f6sste K\u00f6rperfl\u00e4che, und m\u00f6chte man die Blutzirkulation im K\u00f6rper erh\u00f6hen und Endorphine freisetzen, erzielt man so den gr\u00f6ssten Effekt. Aber es gibt auch andere K\u00f6rperteile, deren Stimulation zum Wohlbefinden beitragen kann, zum Beispiel Kiefer, Nacken, Bauch und F\u00fcsse. \t\t\t\t\t  <\/div>\r\n\t\t\t\t\t<\/div>\r\n\t\t\t\t  <\/div>\r\n\t\t\t\t   <!-- Inner panel End -->\r\n\t\t\t\t\r\n\t\t\t\t\t\t\r\n\t\t\t\t  <!-- Inner panel Start -->\r\n\t\t\t\t  <div class=\"wpsm_panel wpsm_panel-default\">\r\n\t\t\t\t\t<div class=\"wpsm_panel-heading\" role=\"tab\" >\r\n\t\t\t\t\t  <h4 class=\"wpsm_panel-title\">\r\n\t\t\t\t\t\t<a  class=\"collapsed\"  data-toggle=\"collapse\" data-parent=\"#wpsm_accordion_204 \" href=\"#ac_204_collapse4\"  >\r\n\t\t\t\t\t\t\t\t\t\t\t\t\t\t\t<span  class=\"ac_open_cl_icon fa fa-plus\"><\/span>\r\n\t\t\t\t\t\t\t\t\t\t\t\t\t\t\t\t\t\t\t\t\t<span class=\"ac_title_class\">\r\n\t\t\t\t\t\t\t\tKann ich die Matte bei Herz- oder Hautproblemen anwenden?\t\t\t\t\t\t\t<\/span>\r\n\t\t\t\t\t\t<\/a>\r\n\t\t\t\t\t  <\/h4>\r\n\t\t\t\t\t<\/div>\r\n\t\t\t\t\t<div id=\"ac_204_collapse4\" class=\"wpsm_panel-collapse collapse_204 collapse \"  >\r\n\t\t\t\t\t  <div class=\"wpsm_panel-body\">\r\n\t\t\t\t\t\tWir empfehlen immer, vor Gebrauch einen Arzt hinzu zuziehen, wenn sie wissentlich unter einer der oben genannten Krankheiten leiden.\t\t\t\t\t  <\/div>\r\n\t\t\t\t\t<\/div>\r\n\t\t\t\t  <\/div>\r\n\t\t\t\t   <!-- Inner panel End -->\r\n\t\t\t\t\r\n\t\t\t\t\t\t\r\n\t\t\t\t  <!-- Inner panel Start -->\r\n\t\t\t\t  <div class=\"wpsm_panel wpsm_panel-default\">\r\n\t\t\t\t\t<div class=\"wpsm_panel-heading\" role=\"tab\" >\r\n\t\t\t\t\t  <h4 class=\"wpsm_panel-title\">\r\n\t\t\t\t\t\t<a  class=\"collapsed\"  data-toggle=\"collapse\" data-parent=\"#wpsm_accordion_204 \" href=\"#ac_204_collapse5\"  >\r\n\t\t\t\t\t\t\t\t\t\t\t\t\t\t\t<span  class=\"ac_open_cl_icon fa fa-plus\"><\/span>\r\n\t\t\t\t\t\t\t\t\t\t\t\t\t\t\t\t\t\t\t\t\t<span class=\"ac_title_class\">\r\n\t\t\t\t\t\t\t\tKann ich die Matte bei Rheumabeschwerden benutzen?\t\t\t\t\t\t\t<\/span>\r\n\t\t\t\t\t\t<\/a>\r\n\t\t\t\t\t  <\/h4>\r\n\t\t\t\t\t<\/div>\r\n\t\t\t\t\t<div id=\"ac_204_collapse5\" class=\"wpsm_panel-collapse collapse_204 collapse \"  >\r\n\t\t\t\t\t  <div class=\"wpsm_panel-body\">\r\n\t\t\t\t\t\tWir empfehlen immer, vor Gebrauch einen Arzt hinzu zuziehen, wenn sie wissentlich unter einer der oben genannten Krankheiten leiden.\t\t\t\t\t  <\/div>\r\n\t\t\t\t\t<\/div>\r\n\t\t\t\t  <\/div>\r\n\t\t\t\t   <!-- Inner panel End -->\r\n\t\t\t\t\r\n\t\t\t\t\t\t\r\n\t\t\t\t  <!-- Inner panel Start -->\r\n\t\t\t\t  <div class=\"wpsm_panel wpsm_panel-default\">\r\n\t\t\t\t\t<div class=\"wpsm_panel-heading\" role=\"tab\" >\r\n\t\t\t\t\t  <h4 class=\"wpsm_panel-title\">\r\n\t\t\t\t\t\t<a  class=\"collapsed\"  data-toggle=\"collapse\" data-parent=\"#wpsm_accordion_204 \" href=\"#ac_204_collapse6\"  >\r\n\t\t\t\t\t\t\t\t\t\t\t\t\t\t\t<span  class=\"ac_open_cl_icon fa fa-plus\"><\/span>\r\n\t\t\t\t\t\t\t\t\t\t\t\t\t\t\t\t\t\t\t\t\t<span class=\"ac_title_class\">\r\n\t\t\t\t\t\t\t\tKann ich die Matte anwenden, wenn ich eine Entz\u00fcndung im R\u00fccken oder Nacken habe?\t\t\t\t\t\t\t<\/span>\r\n\t\t\t\t\t\t<\/a>\r\n\t\t\t\t\t  <\/h4>\r\n\t\t\t\t\t<\/div>\r\n\t\t\t\t\t<div id=\"ac_204_collapse6\" class=\"wpsm_panel-collapse collapse_204 collapse \"  >\r\n\t\t\t\t\t  <div class=\"wpsm_panel-body\">\r\n\t\t\t\t\t\tJa, dass k\u00f6nnen Sie. Das regelm\u00e4ssige Liegen auf den N\u00e4geln kann den Heilungsprozess sogar beschleunigen, denn dadurch wird die Blutzirkulation im K\u00f6rper angeregt. Wir empfehlen jedoch, zuerst einen Arzt aufzusuchen, wenn Sie unter einer ernsthaften Entz\u00fcndung leiden.\t\t\t\t\t  <\/div>\r\n\t\t\t\t\t<\/div>\r\n\t\t\t\t  <\/div>\r\n\t\t\t\t   <!-- Inner panel End -->\r\n\t\t\t\t\r\n\t\t\t\t\t\t\r\n\t\t\t\t  <!-- Inner panel Start -->\r\n\t\t\t\t  <div class=\"wpsm_panel wpsm_panel-default\">\r\n\t\t\t\t\t<div class=\"wpsm_panel-heading\" role=\"tab\" >\r\n\t\t\t\t\t  <h4 class=\"wpsm_panel-title\">\r\n\t\t\t\t\t\t<a  class=\"collapsed\"  data-toggle=\"collapse\" data-parent=\"#wpsm_accordion_204 \" href=\"#ac_204_collapse7\"  >\r\n\t\t\t\t\t\t\t\t\t\t\t\t\t\t\t<span  class=\"ac_open_cl_icon fa fa-plus\"><\/span>\r\n\t\t\t\t\t\t\t\t\t\t\t\t\t\t\t\t\t\t\t\t\t<span class=\"ac_title_class\">\r\n\t\t\t\t\t\t\t\tKann ich die Matte waschen?\t\t\t\t\t\t\t<\/span>\r\n\t\t\t\t\t\t<\/a>\r\n\t\t\t\t\t  <\/h4>\r\n\t\t\t\t\t<\/div>\r\n\t\t\t\t\t<div id=\"ac_204_collapse7\" class=\"wpsm_panel-collapse collapse_204 collapse \"  >\r\n\t\t\t\t\t  <div class=\"wpsm_panel-body\">\r\n\t\t\t\t\t\tDie Matte geht ganz einfach zu waschen. Nehmen Sie den Schaumgummikern heraus und waschen Sie den Aussenteil per Hand mit lauwarmem Wasser. Benutzen Sie normales Waschmittel. Lassen Sie die Matte an der Luft trocknen. Benutzen Sie keine Waschmaschine oder Trockner, denn dadurch schaden Sie den N\u00e4geln.\t\t\t\t\t  <\/div>\r\n\t\t\t\t\t<\/div>\r\n\t\t\t\t  <\/div>\r\n\t\t\t\t   <!-- Inner panel End -->\r\n\t\t\t\t\r\n\t\t\t\t\t\t<\/div>\r\n\t\t\t\t<script>\r\n\tjQuery(document).ready(function() {\r\n\t\t\r\n\t\t\tjQuery('.collapse_204').on('shown.bs.collapse', function(){jQuery(this).parent().find(\".fa-plus\").removeClass(\"fa-minus\").addClass(\"fa-minus\"); jQuery(this).parent().find(\".wpsm_panel-heading\").addClass(\"acc-a\"); }).on('hidden.bs.collapse', function(){jQuery(this).parent().find(\".fa-minus\").removeClass(\"fa-minus\").addClass(\"fa-plus\"); jQuery(this).parent().find(\".wpsm_panel-heading\").removeClass(\"acc-a\");});\r\n\t\t\r\n\t\t});\r\n\t<\/script>\r\n\t\t<\/p>","protected":false},"excerpt":{"rendered":"<p>Leider ist der Eintrag nur auf Nederlands verf\u00fcgbar.<\/p>\n","protected":false},"author":1,"featured_media":0,"parent":0,"menu_order":0,"comment_status":"closed","ping_status":"closed","template":"","meta":{"_monsterinsights_skip_tracking":false,"_monsterinsights_sitenote_active":false,"_monsterinsights_sitenote_note":"","_monsterinsights_sitenote_category":0,"footnotes":""},"yoast_head":"<!-- This site is optimized with the Yoast SEO plugin v24.3 - https:\/\/yoast.com\/wordpress\/plugins\/seo\/ -->\n<title>Fragen und Antworten - Nails of Bliss<\/title>\n<meta name=\"robots\" content=\"index, follow, max-snippet:-1, max-image-preview:large, max-video-preview:-1\" \/>\n<link rel=\"canonical\" href=\"https:\/\/nailsofbliss.com\/veelgestelde-vragen\/\" \/>\n<meta property=\"og:locale\" content=\"de_DE\" \/>\n<meta property=\"og:type\" content=\"article\" \/>\n<meta property=\"og:title\" content=\"Fragen und Antworten - Nails of Bliss\" \/>\n<meta property=\"og:description\" content=\"Leider ist der Eintrag nur auf Nederlands verf\u00fcgbar.\" \/>\n<meta property=\"og:url\" content=\"https:\/\/nailsofbliss.com\/veelgestelde-vragen\/\" \/>\n<meta property=\"og:site_name\" content=\"Nails of Bliss\" \/>\n<meta property=\"article:modified_time\" content=\"2016-07-08T07:51:37+00:00\" \/>\n<meta name=\"twitter:card\" content=\"summary_large_image\" \/>\n<script type=\"application\/ld+json\" class=\"yoast-schema-graph\">{\"@context\":\"https:\/\/schema.org\",\"@graph\":[{\"@type\":\"WebPage\",\"@id\":\"https:\/\/nailsofbliss.com\/veelgestelde-vragen\/\",\"url\":\"https:\/\/nailsofbliss.com\/veelgestelde-vragen\/\",\"name\":\"Fragen und Antworten - Nails of Bliss\",\"isPartOf\":{\"@id\":\"https:\/\/nailsofbliss.com\/#website\"},\"datePublished\":\"2016-03-29T11:50:54+00:00\",\"dateModified\":\"2016-07-08T07:51:37+00:00\",\"breadcrumb\":{\"@id\":\"https:\/\/nailsofbliss.com\/veelgestelde-vragen\/#breadcrumb\"},\"inLanguage\":\"de\",\"potentialAction\":[{\"@type\":\"ReadAction\",\"target\":[\"https:\/\/nailsofbliss.com\/veelgestelde-vragen\/\"]}]},{\"@type\":\"BreadcrumbList\",\"@id\":\"https:\/\/nailsofbliss.com\/veelgestelde-vragen\/#breadcrumb\",\"itemListElement\":[{\"@type\":\"ListItem\",\"position\":1,\"name\":\"Home\",\"item\":\"https:\/\/nailsofbliss.com\/\"},{\"@type\":\"ListItem\",\"position\":2,\"name\":\"Veelgestelde vragen\"}]},{\"@type\":\"WebSite\",\"@id\":\"https:\/\/nailsofbliss.com\/#website\",\"url\":\"https:\/\/nailsofbliss.com\/\",\"name\":\"Nails of Bliss\",\"description\":\"Akupressurmatte\",\"potentialAction\":[{\"@type\":\"SearchAction\",\"target\":{\"@type\":\"EntryPoint\",\"urlTemplate\":\"https:\/\/nailsofbliss.com\/?s={search_term_string}\"},\"query-input\":{\"@type\":\"PropertyValueSpecification\",\"valueRequired\":true,\"valueName\":\"search_term_string\"}}],\"inLanguage\":\"de\"}]}<\/script>\n<!-- \/ Yoast SEO plugin. -->","yoast_head_json":{"title":"Fragen und Antworten - Nails of Bliss","robots":{"index":"index","follow":"follow","max-snippet":"max-snippet:-1","max-image-preview":"max-image-preview:large","max-video-preview":"max-video-preview:-1"},"canonical":"https:\/\/nailsofbliss.com\/veelgestelde-vragen\/","og_locale":"de_DE","og_type":"article","og_title":"Fragen und Antworten - Nails of Bliss","og_description":"Leider ist der Eintrag nur auf Nederlands verf\u00fcgbar.","og_url":"https:\/\/nailsofbliss.com\/veelgestelde-vragen\/","og_site_name":"Nails of Bliss","article_modified_time":"2016-07-08T07:51:37+00:00","twitter_card":"summary_large_image","schema":{"@context":"https:\/\/schema.org","@graph":[{"@type":"WebPage","@id":"https:\/\/nailsofbliss.com\/veelgestelde-vragen\/","url":"https:\/\/nailsofbliss.com\/veelgestelde-vragen\/","name":"Fragen und Antworten - Nails of Bliss","isPartOf":{"@id":"https:\/\/nailsofbliss.com\/#website"},"datePublished":"2016-03-29T11:50:54+00:00","dateModified":"2016-07-08T07:51:37+00:00","breadcrumb":{"@id":"https:\/\/nailsofbliss.com\/veelgestelde-vragen\/#breadcrumb"},"inLanguage":"de","potentialAction":[{"@type":"ReadAction","target":["https:\/\/nailsofbliss.com\/veelgestelde-vragen\/"]}]},{"@type":"BreadcrumbList","@id":"https:\/\/nailsofbliss.com\/veelgestelde-vragen\/#breadcrumb","itemListElement":[{"@type":"ListItem","position":1,"name":"Home","item":"https:\/\/nailsofbliss.com\/"},{"@type":"ListItem","position":2,"name":"Veelgestelde vragen"}]},{"@type":"WebSite","@id":"https:\/\/nailsofbliss.com\/#website","url":"https:\/\/nailsofbliss.com\/","name":"Nails of Bliss","description":"Akupressurmatte","potentialAction":[{"@type":"SearchAction","target":{"@type":"EntryPoint","urlTemplate":"https:\/\/nailsofbliss.com\/?s={search_term_string}"},"query-input":{"@type":"PropertyValueSpecification","valueRequired":true,"valueName":"search_term_string"}}],"inLanguage":"de"}]}},"_links":{"self":[{"href":"https:\/\/nailsofbliss.com\/de\/wp-json\/wp\/v2\/pages\/21"}],"collection":[{"href":"https:\/\/nailsofbliss.com\/de\/wp-json\/wp\/v2\/pages"}],"about":[{"href":"https:\/\/nailsofbliss.com\/de\/wp-json\/wp\/v2\/types\/page"}],"author":[{"embeddable":true,"href":"https:\/\/nailsofbliss.com\/de\/wp-json\/wp\/v2\/users\/1"}],"replies":[{"embeddable":true,"href":"https:\/\/nailsofbliss.com\/de\/wp-json\/wp\/v2\/comments?post=21"}],"version-history":[{"count":5,"href":"https:\/\/nailsofbliss.com\/de\/wp-json\/wp\/v2\/pages\/21\/revisions"}],"predecessor-version":[{"id":207,"href":"https:\/\/nailsofbliss.com\/de\/wp-json\/wp\/v2\/pages\/21\/revisions\/207"}],"wp:attachment":[{"href":"https:\/\/nailsofbliss.com\/de\/wp-json\/wp\/v2\/media?parent=21"}],"curies":[{"name":"wp","href":"https:\/\/api.w.org\/{rel}","templated":true}]}}